{"id":22,"date":"2025-10-22T20:24:58","date_gmt":"2025-10-22T20:24:58","guid":{"rendered":"https:\/\/www.delyxessdelivery.ro\/?page_id=22"},"modified":"2025-12-01T19:02:11","modified_gmt":"2025-12-01T19:02:11","slug":"acoperire","status":"publish","type":"page","link":"https:\/\/www.delyxessdelivery.ro\/","title":{"rendered":"ACAS\u0102"},"content":{"rendered":"\t\t<div data-elementor-type=\"wp-page\" data-elementor-id=\"22\" class=\"elementor elementor-22\">\n\t\t\t\t\t\t<section class=\"elementor-section elementor-top-section elementor-element elementor-element-883e64d elementor-section-boxed elementor-section-height-default elementor-section-height-default\" data-id=\"883e64d\" data-element_type=\"section\" data-e-type=\"section\">\n\t\t\t\t\t\t<div class=\"elementor-container elementor-column-gap-default\">\n\t\t\t\t\t<div class=\"elementor-column elementor-col-33 elementor-top-column elementor-element elementor-element-2499e4f\" data-id=\"2499e4f\" data-element_type=\"column\" data-e-type=\"column\">\n\t\t\t<div class=\"elementor-widget-wrap elementor-element-populated\">\n\t\t\t\t\t\t<div class=\"elementor-element elementor-element-783fd2d elementor-invisible elementor-widget elementor-widget-image\" data-id=\"783fd2d\" data-element_type=\"widget\" data-e-type=\"widget\" data-settings=\"{&quot;_animation&quot;:&quot;fadeInLeft&quot;}\" data-widget_type=\"image.default\">\n\t\t\t\t<div class=\"elementor-widget-container\">\n\t\t\t\t\t\t\t\t\t\t\t\t\t\t\t<img fetchpriority=\"high\" decoding=\"async\" width=\"1024\" height=\"1024\" src=\"https:\/\/www.delyxessdelivery.ro\/wp-content\/uploads\/2025\/12\/WhatsApp-Image-2025-12-01-at-20.42.36.jpeg\" class=\"attachment-large size-large wp-image-686\" alt=\"\" srcset=\"https:\/\/www.delyxessdelivery.ro\/wp-content\/uploads\/2025\/12\/WhatsApp-Image-2025-12-01-at-20.42.36.jpeg 1024w, https:\/\/www.delyxessdelivery.ro\/wp-content\/uploads\/2025\/12\/WhatsApp-Image-2025-12-01-at-20.42.36-300x300.jpeg 300w, https:\/\/www.delyxessdelivery.ro\/wp-content\/uploads\/2025\/12\/WhatsApp-Image-2025-12-01-at-20.42.36-150x150.jpeg 150w, https:\/\/www.delyxessdelivery.ro\/wp-content\/uploads\/2025\/12\/WhatsApp-Image-2025-12-01-at-20.42.36-768x768.jpeg 768w, https:\/\/www.delyxessdelivery.ro\/wp-content\/uploads\/2025\/12\/WhatsApp-Image-2025-12-01-at-20.42.36-600x600.jpeg 600w\" sizes=\"(max-width: 1024px) 100vw, 1024px\" \/>\t\t\t\t\t\t\t\t\t\t\t\t\t\t\t<\/div>\n\t\t\t\t<\/div>\n\t\t\t\t\t<\/div>\n\t\t<\/div>\n\t\t\t\t<div class=\"elementor-column elementor-col-66 elementor-top-column elementor-element elementor-element-3a65ed8\" data-id=\"3a65ed8\" data-element_type=\"column\" data-e-type=\"column\">\n\t\t\t<div class=\"elementor-widget-wrap elementor-element-populated\">\n\t\t\t\t\t\t<section class=\"elementor-section elementor-inner-section elementor-element elementor-element-2bde715 elementor-section-boxed elementor-section-height-default elementor-section-height-default\" data-id=\"2bde715\" data-element_type=\"section\" data-e-type=\"section\">\n\t\t\t\t\t\t<div class=\"elementor-container elementor-column-gap-default\">\n\t\t\t\t\t<div class=\"elementor-column elementor-col-100 elementor-inner-column elementor-element elementor-element-df35b76\" data-id=\"df35b76\" data-element_type=\"column\" data-e-type=\"column\">\n\t\t\t<div class=\"elementor-widget-wrap elementor-element-populated\">\n\t\t\t\t\t\t<div class=\"elementor-element elementor-element-c664aad elementor-widget elementor-widget-heading\" data-id=\"c664aad\" data-element_type=\"widget\" data-e-type=\"widget\" data-widget_type=\"heading.default\">\n\t\t\t\t<div class=\"elementor-widget-container\">\n\t\t\t\t\t<h2 class=\"elementor-heading-title elementor-size-default\">DESPRE NOI<\/h2>\t\t\t\t<\/div>\n\t\t\t\t<\/div>\n\t\t\t\t\t<\/div>\n\t\t<\/div>\n\t\t\t\t\t<\/div>\n\t\t<\/section>\n\t\t\t\t<div class=\"elementor-element elementor-element-7f770ee elementor-widget elementor-widget-text-editor\" data-id=\"7f770ee\" data-element_type=\"widget\" data-e-type=\"widget\" data-widget_type=\"text-editor.default\">\n\t\t\t\t<div class=\"elementor-widget-container\">\n\t\t\t\t\t\t\t\t\t<p>Delyxess Delivery Food este o re\u021bea de curieri \u0219i parteneri dedica\u021bi livr\u0103rilor rapide \u0219i sigure, activ\u0103 \u00een marile ora\u0219e din Rom\u00e2nia.<br \/>Lucr\u0103m \u00eempreun\u0103 cu cele mai importante platforme de delivery: Wolt, Glovo \u0219i Bolt Food.<br \/>Oferim colabor\u0103ri stabile, contracte clare \u0219i suport permanent pentru curieri \u0219i flote.<\/p>\t\t\t\t\t\t\t\t<\/div>\n\t\t\t\t<\/div>\n\t\t\t\t\t<\/div>\n\t\t<\/div>\n\t\t\t\t\t<\/div>\n\t\t<\/section>\n\t\t\t\t<section class=\"elementor-section elementor-top-section elementor-element elementor-element-b2ce5ac elementor-section-boxed elementor-section-height-default elementor-section-height-default\" data-id=\"b2ce5ac\" data-element_type=\"section\" data-e-type=\"section\">\n\t\t\t\t\t\t<div class=\"elementor-container elementor-column-gap-default\">\n\t\t\t\t\t<div class=\"elementor-column elementor-col-66 elementor-top-column elementor-element elementor-element-b64eee2\" data-id=\"b64eee2\" data-element_type=\"column\" data-e-type=\"column\">\n\t\t\t<div class=\"elementor-widget-wrap elementor-element-populated\">\n\t\t\t\t\t\t<section class=\"elementor-section elementor-inner-section elementor-element elementor-element-96e476c elementor-section-boxed elementor-section-height-default elementor-section-height-default\" data-id=\"96e476c\" data-element_type=\"section\" data-e-type=\"section\">\n\t\t\t\t\t\t<div class=\"elementor-container elementor-column-gap-default\">\n\t\t\t\t\t<div class=\"elementor-column elementor-col-100 elementor-inner-column elementor-element elementor-element-5206939\" data-id=\"5206939\" data-element_type=\"column\" data-e-type=\"column\">\n\t\t\t<div class=\"elementor-widget-wrap elementor-element-populated\">\n\t\t\t\t\t\t<div class=\"elementor-element elementor-element-b22ac9d elementor-widget elementor-widget-heading\" data-id=\"b22ac9d\" data-element_type=\"widget\" data-e-type=\"widget\" data-widget_type=\"heading.default\">\n\t\t\t\t<div class=\"elementor-widget-container\">\n\t\t\t\t\t<h2 class=\"elementor-heading-title elementor-size-default\">DE CE S\u0102 ALEGI S\u0102 COLABOREZI CU DELYXESS\n<\/h2>\t\t\t\t<\/div>\n\t\t\t\t<\/div>\n\t\t\t\t\t<\/div>\n\t\t<\/div>\n\t\t\t\t\t<\/div>\n\t\t<\/section>\n\t\t\t\t<section class=\"elementor-section elementor-inner-section elementor-element elementor-element-79b1428 elementor-section-boxed elementor-section-height-default elementor-section-height-default\" data-id=\"79b1428\" data-element_type=\"section\" data-e-type=\"section\">\n\t\t\t\t\t\t<div class=\"elementor-container elementor-column-gap-default\">\n\t\t\t\t\t<div class=\"elementor-column elementor-col-100 elementor-inner-column elementor-element elementor-element-1f56b3c\" data-id=\"1f56b3c\" data-element_type=\"column\" data-e-type=\"column\">\n\t\t\t<div class=\"elementor-widget-wrap elementor-element-populated\">\n\t\t\t\t\t\t<div class=\"elementor-element elementor-element-8638d87 elementor-widget elementor-widget-text-editor\" data-id=\"8638d87\" data-element_type=\"widget\" data-e-type=\"widget\" data-widget_type=\"text-editor.default\">\n\t\t\t\t<div class=\"elementor-widget-container\">\n\t\t\t\t\t\t\t\t\t<p>-Stabilitate \u00een colaborare<br \/>Lucr\u0103m corect, pe termen lung, cu contracte clare \u0219i respect reciproc \u00eentre parteneri.<\/p><p>-Comunicare transparent\u0103<br \/>\u021ainem leg\u0103tura constant prin WhatsApp \u0219i oferim suport real, nu doar promisiuni.<\/p><p>-Dedicare \u0219i implicare<br \/>Fiecare curier sau flot\u0103 prime\u0219te aten\u021bie, ghidare \u0219i sprijin pentru a-\u0219i atinge obiectivele.<\/p><p>-Contracte sigure \u0219i pl\u0103\u021bi la timp<br \/>Toate colabor\u0103rile se desf\u0103\u0219oar\u0103 legal \u0219i cu termene de plat\u0103 respectate f\u0103r\u0103 \u00eent\u00e2rzieri.<\/p>\t\t\t\t\t\t\t\t<\/div>\n\t\t\t\t<\/div>\n\t\t\t\t\t<\/div>\n\t\t<\/div>\n\t\t\t\t\t<\/div>\n\t\t<\/section>\n\t\t\t\t\t<\/div>\n\t\t<\/div>\n\t\t\t\t<div class=\"elementor-column elementor-col-33 elementor-top-column elementor-element elementor-element-dcb696e\" data-id=\"dcb696e\" data-element_type=\"column\" data-e-type=\"column\">\n\t\t\t<div class=\"elementor-widget-wrap elementor-element-populated\">\n\t\t\t\t\t\t<div class=\"elementor-element elementor-element-aedf901 elementor-invisible elementor-widget elementor-widget-image\" data-id=\"aedf901\" data-element_type=\"widget\" data-e-type=\"widget\" data-settings=\"{&quot;_animation&quot;:&quot;fadeInRight&quot;}\" data-widget_type=\"image.default\">\n\t\t\t\t<div class=\"elementor-widget-container\">\n\t\t\t\t\t\t\t\t\t\t\t\t\t\t\t<img decoding=\"async\" width=\"1024\" height=\"1024\" src=\"https:\/\/www.delyxessdelivery.ro\/wp-content\/uploads\/2025\/12\/Three-orange-and-bla.png\" class=\"attachment-large size-large wp-image-692\" alt=\"\" srcset=\"https:\/\/www.delyxessdelivery.ro\/wp-content\/uploads\/2025\/12\/Three-orange-and-bla.png 1024w, https:\/\/www.delyxessdelivery.ro\/wp-content\/uploads\/2025\/12\/Three-orange-and-bla-300x300.png 300w, https:\/\/www.delyxessdelivery.ro\/wp-content\/uploads\/2025\/12\/Three-orange-and-bla-150x150.png 150w, https:\/\/www.delyxessdelivery.ro\/wp-content\/uploads\/2025\/12\/Three-orange-and-bla-768x768.png 768w, https:\/\/www.delyxessdelivery.ro\/wp-content\/uploads\/2025\/12\/Three-orange-and-bla-600x600.png 600w\" sizes=\"(max-width: 1024px) 100vw, 1024px\" \/>\t\t\t\t\t\t\t\t\t\t\t\t\t\t\t<\/div>\n\t\t\t\t<\/div>\n\t\t\t\t\t<\/div>\n\t\t<\/div>\n\t\t\t\t\t<\/div>\n\t\t<\/section>\n\t\t\t\t<section class=\"elementor-section elementor-top-section elementor-element elementor-element-6d2f00e elementor-section-boxed elementor-section-height-default elementor-section-height-default\" data-id=\"6d2f00e\" data-element_type=\"section\" data-e-type=\"section\">\n\t\t\t\t\t\t<div class=\"elementor-container elementor-column-gap-default\">\n\t\t\t\t\t<div class=\"elementor-column elementor-col-100 elementor-top-column elementor-element elementor-element-7f2f06d\" data-id=\"7f2f06d\" data-element_type=\"column\" data-e-type=\"column\">\n\t\t\t<div class=\"elementor-widget-wrap elementor-element-populated\">\n\t\t\t\t\t\t<section class=\"elementor-section elementor-inner-section elementor-element elementor-element-db6485c elementor-section-boxed elementor-section-height-default elementor-section-height-default\" data-id=\"db6485c\" data-element_type=\"section\" data-e-type=\"section\">\n\t\t\t\t\t\t<div class=\"elementor-container elementor-column-gap-default\">\n\t\t\t\t\t<div class=\"elementor-column elementor-col-100 elementor-inner-column elementor-element elementor-element-b8b998a\" data-id=\"b8b998a\" data-element_type=\"column\" data-e-type=\"column\">\n\t\t\t<div class=\"elementor-widget-wrap elementor-element-populated\">\n\t\t\t\t\t\t<div class=\"elementor-element elementor-element-83d1d9c elementor-widget elementor-widget-heading\" data-id=\"83d1d9c\" data-element_type=\"widget\" data-e-type=\"widget\" data-widget_type=\"heading.default\">\n\t\t\t\t<div class=\"elementor-widget-container\">\n\t\t\t\t\t<h2 class=\"elementor-heading-title elementor-size-default\">CUM FUNC\u021aIONEAZ\u0102 COLABORAREA\n<\/h2>\t\t\t\t<\/div>\n\t\t\t\t<\/div>\n\t\t\t\t\t<\/div>\n\t\t<\/div>\n\t\t\t\t\t<\/div>\n\t\t<\/section>\n\t\t\t\t<section class=\"elementor-section elementor-inner-section elementor-element elementor-element-1324882 elementor-section-boxed elementor-section-height-default elementor-section-height-default\" data-id=\"1324882\" data-element_type=\"section\" data-e-type=\"section\">\n\t\t\t\t\t\t<div class=\"elementor-container elementor-column-gap-default\">\n\t\t\t\t\t<div class=\"elementor-column elementor-col-100 elementor-inner-column elementor-element elementor-element-5eaf15d\" data-id=\"5eaf15d\" data-element_type=\"column\" data-e-type=\"column\">\n\t\t\t<div class=\"elementor-widget-wrap elementor-element-populated\">\n\t\t\t\t\t\t<div class=\"elementor-element elementor-element-09419f2 elementor-widget elementor-widget-text-editor\" data-id=\"09419f2\" data-element_type=\"widget\" data-e-type=\"widget\" data-widget_type=\"text-editor.default\">\n\t\t\t\t<div class=\"elementor-widget-container\">\n\t\t\t\t\t\t\t\t\t<p><br \/>1\ufe0f\u20e3 Trimi\u021bi datele de contact sau aplici direct pe WhatsApp<br \/>2\ufe0f\u20e3 Prime\u0219ti contractul \u0219i suportul pentru onboarding<br \/>3\ufe0f\u20e3 \u00cencepi livr\u0103rile pe platforma aleas\u0103 (Wolt, Glovo sau Bolt)<br \/>4\ufe0f\u20e3 Prime\u0219ti pl\u0103\u021bile s\u0103pt\u0103m\u00e2nale \u0219i suport dedicat<\/p>\t\t\t\t\t\t\t\t<\/div>\n\t\t\t\t<\/div>\n\t\t\t\t<div class=\"elementor-element elementor-element-da5d93e elementor-widget elementor-widget-text-editor\" data-id=\"da5d93e\" data-element_type=\"widget\" data-e-type=\"widget\" data-widget_type=\"text-editor.default\">\n\t\t\t\t<div class=\"elementor-widget-container\">\n\t\t\t\t\t\t\t\t\t<p>Simplu, clar \u0219i rapid \u2014 \u00eenceperea colabor\u0103rii dureaz\u0103 mai pu\u021bin de 24 de ore.<\/p>\t\t\t\t\t\t\t\t<\/div>\n\t\t\t\t<\/div>\n\t\t\t\t\t<\/div>\n\t\t<\/div>\n\t\t\t\t\t<\/div>\n\t\t<\/section>\n\t\t\t\t\t<\/div>\n\t\t<\/div>\n\t\t\t\t\t<\/div>\n\t\t<\/section>\n\t\t\t\t<section class=\"elementor-section elementor-top-section elementor-element elementor-element-d3a708b elementor-section-boxed elementor-section-height-default elementor-section-height-default\" data-id=\"d3a708b\" data-element_type=\"section\" data-e-type=\"section\">\n\t\t\t\t\t\t<div class=\"elementor-container elementor-column-gap-default\">\n\t\t\t\t\t<div class=\"elementor-column elementor-col-100 elementor-top-column elementor-element elementor-element-3ca287a\" data-id=\"3ca287a\" data-element_type=\"column\" data-e-type=\"column\">\n\t\t\t<div class=\"elementor-widget-wrap elementor-element-populated\">\n\t\t\t\t\t\t<div class=\"elementor-element elementor-element-d7343d9 elementor-align-center e-transform elementor-widget elementor-widget-button\" data-id=\"d7343d9\" data-element_type=\"widget\" data-e-type=\"widget\" data-settings=\"{&quot;motion_fx_motion_fx_mouse&quot;:&quot;yes&quot;,&quot;_transform_scale_effect_hover&quot;:{&quot;unit&quot;:&quot;px&quot;,&quot;size&quot;:0.59999999999999997779553950749686919152736663818359375,&quot;sizes&quot;:[]},&quot;_transform_scale_effect_hover_tablet&quot;:{&quot;unit&quot;:&quot;px&quot;,&quot;size&quot;:&quot;&quot;,&quot;sizes&quot;:[]},&quot;_transform_scale_effect_hover_mobile&quot;:{&quot;unit&quot;:&quot;px&quot;,&quot;size&quot;:&quot;&quot;,&quot;sizes&quot;:[]}}\" data-widget_type=\"button.default\">\n\t\t\t\t<div class=\"elementor-widget-container\">\n\t\t\t\t\t\t\t\t\t<div class=\"elementor-button-wrapper\">\n\t\t\t\t\t<a class=\"elementor-button elementor-button-link elementor-size-sm\" href=\"https:\/\/www.delyxessdelivery.ro\/index.php\/contact\/\">\n\t\t\t\t\t\t<span class=\"elementor-button-content-wrapper\">\n\t\t\t\t\t\t\t\t\t<span class=\"elementor-button-text\">Aplic\u0103 ca partener<\/span>\n\t\t\t\t\t<\/span>\n\t\t\t\t\t<\/a>\n\t\t\t\t<\/div>\n\t\t\t\t\t\t\t\t<\/div>\n\t\t\t\t<\/div>\n\t\t\t\t\t<\/div>\n\t\t<\/div>\n\t\t\t\t\t<\/div>\n\t\t<\/section>\n\t\t\t\t<section class=\"elementor-section elementor-top-section elementor-element elementor-element-c0bfb05 elementor-section-boxed elementor-section-height-default elementor-section-height-default\" data-id=\"c0bfb05\" data-element_type=\"section\" data-e-type=\"section\">\n\t\t\t\t\t\t<div class=\"elementor-container elementor-column-gap-default\">\n\t\t\t\t\t<div class=\"elementor-column elementor-col-100 elementor-top-column elementor-element elementor-element-2bb97ef\" data-id=\"2bb97ef\" data-element_type=\"column\" data-e-type=\"column\">\n\t\t\t<div class=\"elementor-widget-wrap\">\n\t\t\t\t\t\t\t<\/div>\n\t\t<\/div>\n\t\t\t\t\t<\/div>\n\t\t<\/section>\n\t\t\t\t<section class=\"elementor-section elementor-top-section elementor-element elementor-element-9be39d1 elementor-section-boxed elementor-section-height-default elementor-section-height-default\" data-id=\"9be39d1\" data-element_type=\"section\" data-e-type=\"section\">\n\t\t\t\t\t\t<div class=\"elementor-container elementor-column-gap-default\">\n\t\t\t\t\t<div class=\"elementor-column elementor-col-100 elementor-top-column elementor-element elementor-element-991fd7d\" data-id=\"991fd7d\" data-element_type=\"column\" data-e-type=\"column\">\n\t\t\t<div class=\"elementor-widget-wrap elementor-element-populated\">\n\t\t\t\t\t\t<div class=\"elementor-element elementor-element-d05a966 elementor-widget-divider--view-line elementor-widget elementor-widget-divider\" data-id=\"d05a966\" data-element_type=\"widget\" data-e-type=\"widget\" data-widget_type=\"divider.default\">\n\t\t\t\t<div class=\"elementor-widget-container\">\n\t\t\t\t\t\t\t<div class=\"elementor-divider\">\n\t\t\t<span class=\"elementor-divider-separator\">\n\t\t\t\t\t\t<\/span>\n\t\t<\/div>\n\t\t\t\t\t\t<\/div>\n\t\t\t\t<\/div>\n\t\t\t\t\t<\/div>\n\t\t<\/div>\n\t\t\t\t\t<\/div>\n\t\t<\/section>\n\t\t\t\t<section class=\"elementor-section elementor-top-section elementor-element elementor-element-cd1be25 elementor-section-boxed elementor-section-height-default elementor-section-height-default\" data-id=\"cd1be25\" data-element_type=\"section\" data-e-type=\"section\">\n\t\t\t\t\t\t<div class=\"elementor-container elementor-column-gap-default\">\n\t\t\t\t\t<div class=\"elementor-column elementor-col-16 elementor-top-column elementor-element elementor-element-d32ef5b\" data-id=\"d32ef5b\" data-element_type=\"column\" data-e-type=\"column\">\n\t\t\t<div class=\"elementor-widget-wrap\">\n\t\t\t\t\t\t\t<\/div>\n\t\t<\/div>\n\t\t\t\t<div class=\"elementor-column elementor-col-16 elementor-top-column elementor-element elementor-element-6db2050\" data-id=\"6db2050\" data-element_type=\"column\" data-e-type=\"column\">\n\t\t\t<div class=\"elementor-widget-wrap\">\n\t\t\t\t\t\t\t<\/div>\n\t\t<\/div>\n\t\t\t\t<div class=\"elementor-column elementor-col-16 elementor-top-column elementor-element elementor-element-eb727e2\" data-id=\"eb727e2\" data-element_type=\"column\" data-e-type=\"column\">\n\t\t\t<div class=\"elementor-widget-wrap elementor-element-populated\">\n\t\t\t\t\t\t<div class=\"elementor-element elementor-element-aef7370 elementor-widget elementor-widget-image\" data-id=\"aef7370\" data-element_type=\"widget\" data-e-type=\"widget\" data-widget_type=\"image.default\">\n\t\t\t\t<div class=\"elementor-widget-container\">\n\t\t\t\t\t\t\t\t\t\t\t\t\t\t\t\t<a href=\"https:\/\/www.tiktok.com\/@alexdelyxess?_t=ZN-90mk1oDIRtO&#038;_r=1\" target=\"_blank\">\n\t\t\t\t\t\t\t<img decoding=\"async\" width=\"150\" height=\"150\" src=\"https:\/\/www.delyxessdelivery.ro\/wp-content\/uploads\/2025\/10\/pngegg-1-1-150x150.png\" class=\"attachment-thumbnail size-thumbnail wp-image-565\" alt=\"\" srcset=\"https:\/\/www.delyxessdelivery.ro\/wp-content\/uploads\/2025\/10\/pngegg-1-1-150x150.png 150w, https:\/\/www.delyxessdelivery.ro\/wp-content\/uploads\/2025\/10\/pngegg-1-1.png 225w\" sizes=\"(max-width: 150px) 100vw, 150px\" \/>\t\t\t\t\t\t\t\t<\/a>\n\t\t\t\t\t\t\t\t\t\t\t\t\t\t\t<\/div>\n\t\t\t\t<\/div>\n\t\t\t\t\t<\/div>\n\t\t<\/div>\n\t\t\t\t<div class=\"elementor-column elementor-col-16 elementor-top-column elementor-element elementor-element-fd7c02e\" data-id=\"fd7c02e\" data-element_type=\"column\" data-e-type=\"column\">\n\t\t\t<div class=\"elementor-widget-wrap elementor-element-populated\">\n\t\t\t\t\t\t<div class=\"elementor-element elementor-element-97e9678 elementor-widget elementor-widget-image\" data-id=\"97e9678\" data-element_type=\"widget\" data-e-type=\"widget\" data-widget_type=\"image.default\">\n\t\t\t\t<div class=\"elementor-widget-container\">\n\t\t\t\t\t\t\t\t\t\t\t\t\t\t\t\t<a href=\"https:\/\/www.facebook.com\/profile.php?id=100000609765110&#038;rdid=fY2zknAKCnZRk5fm&#038;share_url=https%3A%2F%2Fwww.facebook.com%2Fshare%2F17KeLwYkm3%2F#\" target=\"_blank\">\n\t\t\t\t\t\t\t<img loading=\"lazy\" decoding=\"async\" width=\"150\" height=\"150\" src=\"https:\/\/www.delyxessdelivery.ro\/wp-content\/uploads\/2025\/10\/pngegg-2-150x150.png\" class=\"attachment-thumbnail size-thumbnail wp-image-564\" alt=\"\" srcset=\"https:\/\/www.delyxessdelivery.ro\/wp-content\/uploads\/2025\/10\/pngegg-2-150x150.png 150w, https:\/\/www.delyxessdelivery.ro\/wp-content\/uploads\/2025\/10\/pngegg-2-300x300.png 300w, https:\/\/www.delyxessdelivery.ro\/wp-content\/uploads\/2025\/10\/pngegg-2-1024x1024.png 1024w, https:\/\/www.delyxessdelivery.ro\/wp-content\/uploads\/2025\/10\/pngegg-2-768x768.png 768w, https:\/\/www.delyxessdelivery.ro\/wp-content\/uploads\/2025\/10\/pngegg-2-1536x1536.png 1536w, https:\/\/www.delyxessdelivery.ro\/wp-content\/uploads\/2025\/10\/pngegg-2-600x600.png 600w, https:\/\/www.delyxessdelivery.ro\/wp-content\/uploads\/2025\/10\/pngegg-2.png 1600w\" sizes=\"(max-width: 150px) 100vw, 150px\" \/>\t\t\t\t\t\t\t\t<\/a>\n\t\t\t\t\t\t\t\t\t\t\t\t\t\t\t<\/div>\n\t\t\t\t<\/div>\n\t\t\t\t\t<\/div>\n\t\t<\/div>\n\t\t\t\t<div class=\"elementor-column elementor-col-16 elementor-top-column elementor-element elementor-element-a1681ee\" data-id=\"a1681ee\" data-element_type=\"column\" data-e-type=\"column\">\n\t\t\t<div class=\"elementor-widget-wrap\">\n\t\t\t\t\t\t\t<\/div>\n\t\t<\/div>\n\t\t\t\t<div class=\"elementor-column elementor-col-16 elementor-top-column elementor-element elementor-element-308c55b\" data-id=\"308c55b\" data-element_type=\"column\" data-e-type=\"column\">\n\t\t\t<div class=\"elementor-widget-wrap\">\n\t\t\t\t\t\t\t<\/div>\n\t\t<\/div>\n\t\t\t\t\t<\/div>\n\t\t<\/section>\n\t\t\t\t<\/div>\n\t\t","protected":false},"excerpt":{"rendered":"<p>DESPRE NOI Delyxess Delivery Food este o re\u021bea de curieri \u0219i parteneri dedica\u021bi livr\u0103rilor rapide \u0219i sigure, activ\u0103 \u00een marile ora\u0219e din Rom\u00e2nia.Lucr\u0103m \u00eempreun\u0103 cu cele mai importante platforme de delivery: Wolt, Glovo \u0219i Bolt Food.Oferim colabor\u0103ri stabile, contracte clare \u0219i suport permanent pentru curieri \u0219i flote. DE CE S\u0102 ALEGI S\u0102 COLABOREZI CU DELYXESS [&hellip;]<\/p>\n","protected":false},"author":1,"featured_media":0,"parent":0,"menu_order":0,"comment_status":"closed","ping_status":"closed","template":"","meta":{"ocean_post_layout":"","ocean_both_sidebars_style":"","ocean_both_sidebars_content_width":0,"ocean_both_sidebars_sidebars_width":0,"ocean_sidebar":"","ocean_second_sidebar":"","ocean_disable_margins":"enable","ocean_add_body_class":"","ocean_shortcode_before_top_bar":"","ocean_shortcode_after_top_bar":"","ocean_shortcode_before_header":"","ocean_shortcode_after_header":"","ocean_has_shortcode":"","ocean_shortcode_after_title":"","ocean_shortcode_before_footer_widgets":"","ocean_shortcode_after_footer_widgets":"","ocean_shortcode_before_footer_bottom":"","ocean_shortcode_after_footer_bottom":"","ocean_display_top_bar":"default","ocean_display_header":"default","ocean_header_style":"","ocean_center_header_left_menu":"","ocean_custom_header_template":"","ocean_custom_logo":0,"ocean_custom_retina_logo":0,"ocean_custom_logo_max_width":0,"ocean_custom_logo_tablet_max_width":0,"ocean_custom_logo_mobile_max_width":0,"ocean_custom_logo_max_height":0,"ocean_custom_logo_tablet_max_height":0,"ocean_custom_logo_mobile_max_height":0,"ocean_header_custom_menu":"","ocean_menu_typo_font_family":"","ocean_menu_typo_font_subset":"","ocean_menu_typo_font_size":0,"ocean_menu_typo_font_size_tablet":0,"ocean_menu_typo_font_size_mobile":0,"ocean_menu_typo_font_size_unit":"px","ocean_menu_typo_font_weight":"","ocean_menu_typo_font_weight_tablet":"","ocean_menu_typo_font_weight_mobile":"","ocean_menu_typo_transform":"","ocean_menu_typo_transform_tablet":"","ocean_menu_typo_transform_mobile":"","ocean_menu_typo_line_height":0,"ocean_menu_typo_line_height_tablet":0,"ocean_menu_typo_line_height_mobile":0,"ocean_menu_typo_line_height_unit":"","ocean_menu_typo_spacing":0,"ocean_menu_typo_spacing_tablet":0,"ocean_menu_typo_spacing_mobile":0,"ocean_menu_typo_spacing_unit":"","ocean_menu_link_color":"","ocean_menu_link_color_hover":"","ocean_menu_link_color_active":"","ocean_menu_link_background":"","ocean_menu_link_hover_background":"","ocean_menu_link_active_background":"","ocean_menu_social_links_bg":"","ocean_menu_social_hover_links_bg":"","ocean_menu_social_links_color":"","ocean_menu_social_hover_links_color":"","ocean_disable_title":"default","ocean_disable_heading":"default","ocean_post_title":"","ocean_post_subheading":"","ocean_post_title_style":"","ocean_post_title_background_color":"","ocean_post_title_background":0,"ocean_post_title_bg_image_position":"","ocean_post_title_bg_image_attachment":"","ocean_post_title_bg_image_repeat":"","ocean_post_title_bg_image_size":"","ocean_post_title_height":0,"ocean_post_title_bg_overlay":0.5,"ocean_post_title_bg_overlay_color":"","ocean_disable_breadcrumbs":"default","ocean_breadcrumbs_color":"","ocean_breadcrumbs_separator_color":"","ocean_breadcrumbs_links_color":"","ocean_breadcrumbs_links_hover_color":"","ocean_display_footer_widgets":"default","ocean_display_footer_bottom":"default","ocean_custom_footer_template":"","_glsr_average":0,"_glsr_ranking":0,"_glsr_reviews":0,"_joinchat":[],"footnotes":""},"class_list":["post-22","page","type-page","status-publish","hentry","entry"],"_links":{"self":[{"href":"https:\/\/www.delyxessdelivery.ro\/index.php\/wp-json\/wp\/v2\/pages\/22","targetHints":{"allow":["GET"]}}],"collection":[{"href":"https:\/\/www.delyxessdelivery.ro\/index.php\/wp-json\/wp\/v2\/pages"}],"about":[{"href":"https:\/\/www.delyxessdelivery.ro\/index.php\/wp-json\/wp\/v2\/types\/page"}],"author":[{"embeddable":true,"href":"https:\/\/www.delyxessdelivery.ro\/index.php\/wp-json\/wp\/v2\/users\/1"}],"replies":[{"embeddable":true,"href":"https:\/\/www.delyxessdelivery.ro\/index.php\/wp-json\/wp\/v2\/comments?post=22"}],"version-history":[{"count":90,"href":"https:\/\/www.delyxessdelivery.ro\/index.php\/wp-json\/wp\/v2\/pages\/22\/revisions"}],"predecessor-version":[{"id":695,"href":"https:\/\/www.delyxessdelivery.ro\/index.php\/wp-json\/wp\/v2\/pages\/22\/revisions\/695"}],"wp:attachment":[{"href":"https:\/\/www.delyxessdelivery.ro\/index.php\/wp-json\/wp\/v2\/media?parent=22"}],"curies":[{"name":"wp","href":"https:\/\/api.w.org\/{rel}","templated":true}]}}